{"id":13633,"date":"2024-02-28T10:04:36","date_gmt":"2024-02-28T08:04:36","guid":{"rendered":"https:\/\/amiconcept.eu\/?page_id=13633"},"modified":"2024-02-27T19:49:41","modified_gmt":"2024-02-27T17:49:41","slug":"return-of-goods","status":"publish","type":"page","link":"https:\/\/amiconcept.eu\/en\/return-of-goods\/","title":{"rendered":"Return of goods"},"content":{"rendered":"\t\t<div data-elementor-type=\"wp-page\" data-elementor-id=\"13633\" class=\"elementor elementor-13633 elementor-13678\" data-elementor-post-type=\"page\">\n\t\t\t\t<div class=\"elementor-element elementor-element-3124ea7 e-flex e-con-boxed e-con e-parent\" data-id=\"3124ea7\" data-element_type=\"container\" data-e-type=\"container\">\n\t\t\t\t\t<div class=\"e-con-inner\">\n\t\t\t\t<div class=\"elementor-element elementor-element-9898984 elementor-widget elementor-widget-heading\" data-id=\"9898984\" data-element_type=\"widget\" data-e-type=\"widget\" data-widget_type=\"heading.default\">\n\t\t\t\t<div class=\"elementor-widget-container\">\n\t\t\t\t\t<h2 class=\"elementor-heading-title elementor-size-default\">Return of Goods and Right of Withdrawal\n<\/h2>\t\t\t\t<\/div>\n\t\t\t\t<\/div>\n\t\t\t\t<div class=\"elementor-element elementor-element-3af0210 elementor-widget elementor-widget-text-editor\" data-id=\"3af0210\" data-element_type=\"widget\" data-e-type=\"widget\" data-widget_type=\"text-editor.default\">\n\t\t\t\t<div class=\"elementor-widget-container\">\n\t\t\t\t\t\t\t\t\t<p>The buyer has the right to use the right of withdrawal and unilaterally withdraw from the purchase made on the online store\u00a0<a href=\"https:\/\/amiconcept.eu\"><strong>www.amiconcept.eu<\/strong><\/a>\u00a0within 14 (fourteen) days and return the product to the Seller. The withdrawal period starts from the day the buyer or a third party other than the carrier and designated by the buyer acquires physical possession of the goods.<\/p>\t\t\t\t\t\t\t\t<\/div>\n\t\t\t\t<\/div>\n\t\t\t\t<div class=\"elementor-element elementor-element-189df4f elementor-widget elementor-widget-toggle\" data-id=\"189df4f\" data-element_type=\"widget\" data-e-type=\"widget\" data-widget_type=\"toggle.default\">\n\t\t\t\t<div class=\"elementor-widget-container\">\n\t\t\t\t\t\t\t<div class=\"elementor-toggle\">\n\t\t\t\t\t\t\t<div class=\"elementor-toggle-item\">\n\t\t\t\t\t<div id=\"elementor-tab-title-2581\" class=\"elementor-tab-title\" data-tab=\"1\" role=\"button\" aria-controls=\"elementor-tab-content-2581\" aria-expanded=\"false\">\n\t\t\t\t\t\t\t\t\t\t\t\t<span class=\"elementor-toggle-icon elementor-toggle-icon-left\" aria-hidden=\"true\">\n\t\t\t\t\t\t\t\t\t\t\t\t\t\t\t<span class=\"elementor-toggle-icon-closed\"><svg class=\"e-font-icon-svg e-fas-caret-right\" viewBox=\"0 0 192 512\" xmlns=\"http:\/\/www.w3.org\/2000\/svg\"><path d=\"M0 384.662V127.338c0-17.818 21.543-26.741 34.142-14.142l128.662 128.662c7.81 7.81 7.81 20.474 0 28.284L34.142 398.804C21.543 411.404 0 402.48 0 384.662z\"><\/path><\/svg><\/span>\n\t\t\t\t\t\t\t\t<span class=\"elementor-toggle-icon-opened\"><svg class=\"elementor-toggle-icon-opened e-font-icon-svg e-fas-caret-up\" viewBox=\"0 0 320 512\" xmlns=\"http:\/\/www.w3.org\/2000\/svg\"><path d=\"M288.662 352H31.338c-17.818 0-26.741-21.543-14.142-34.142l128.662-128.662c7.81-7.81 20.474-7.81 28.284 0l128.662 128.662c12.6 12.599 3.676 34.142-14.142 34.142z\"><\/path><\/svg><\/span>\n\t\t\t\t\t\t\t\t\t\t\t\t\t<\/span>\n\t\t\t\t\t\t\t\t\t\t\t\t<a class=\"elementor-toggle-title\" tabindex=\"0\">Declining the purchase<\/a>\n\t\t\t\t\t<\/div>\n\n\t\t\t\t\t<div id=\"elementor-tab-content-2581\" class=\"elementor-tab-content elementor-clearfix\" data-tab=\"1\" role=\"region\" aria-labelledby=\"elementor-tab-title-2581\"><div class=\"elementor-toggle-item\"><div id=\"elementor-tab-content-1401\" class=\"elementor-tab-content elementor-clearfix elementor-active\" role=\"region\" data-tab=\"1\" aria-labelledby=\"elementor-tab-title-1401\"><p>If the item is not suitable or does not meet your requirements, you have the right to return or exchange the item for a different size or model within 14 days from the date of receiving the item.<\/p><p>To return or exchange the item, you need to fill out the return form attached to the product and return the item to the AMI store at Republikas Laukums 3, Riga.<\/p><div><div data-message-author-role=\"assistant\" data-message-id=\"6e4661c5-2d83-4f41-b580-180593b63960\"><div><p>You can return the items via Omniva parcel locker \u2018 R\u012bgas Kalpaka bulv\u0101ra 14A pakom\u0101ts\u2019 in R\u012bga, Kalpaka bulv\u0101ris 14A specifying the phone number: <a href=\"tel:+37126445732\">+371 26445732<\/a>, and attaching the purchase receipt.<\/p><\/div><\/div><\/div><\/div><\/div><\/div>\n\t\t\t\t<\/div>\n\t\t\t\t\t\t\t\t<\/div>\n\t\t\t\t\t\t<\/div>\n\t\t\t\t<\/div>\n\t\t\t\t<div class=\"elementor-element elementor-element-0462b2b elementor-widget elementor-widget-text-editor\" data-id=\"0462b2b\" data-element_type=\"widget\" data-e-type=\"widget\" data-widget_type=\"text-editor.default\">\n\t\t\t\t<div class=\"elementor-widget-container\">\n\t\t\t\t\t\t\t\t\t<p>If you haven\u2019t found answers to your questions, please contact us by calling: <strong>+371 26445732<\/strong>, or by writing to: <strong><span class=\"contact-email\">info@amiconcept.eu<\/span><\/strong>, and we will be happy to assist you.<\/p>\t\t\t\t\t\t\t\t<\/div>\n\t\t\t\t<\/div>\n\t\t\t\t\t<\/div>\n\t\t\t\t<\/div>\n\t\t\t\t<\/div>\n\t\t","protected":false},"excerpt":{"rendered":"<p>Return of Goods and Right of Withdrawal The buyer has the right to use the right of withdrawal and unilaterally withdraw from the purchase made on the online store\u00a0www.amiconcept.eu\u00a0within 14<\/p>\n","protected":false},"author":1,"featured_media":0,"parent":0,"menu_order":0,"comment_status":"closed","ping_status":"closed","template":"","meta":{"footnotes":""},"class_list":["post-13633","page","type-page","status-publish","hentry"],"yoast_head":"<!-- This site is optimized with the Yoast SEO plugin v26.8 - https:\/\/yoast.com\/product\/yoast-seo-wordpress\/ -->\n<title>Return of goods - AMI Beauty Concept<\/title>\n<meta name=\"robots\" content=\"index, follow, max-snippet:-1, max-image-preview:large, max-video-preview:-1\" \/>\n<link rel=\"canonical\" href=\"https:\/\/amiconcept.eu\/en\/return-of-goods\/\" \/>\n<meta property=\"og:locale\" content=\"en_US\" \/>\n<meta property=\"og:type\" content=\"article\" \/>\n<meta property=\"og:title\" content=\"Return of goods - AMI Beauty Concept\" \/>\n<meta property=\"og:description\" content=\"Return of Goods and Right of Withdrawal The buyer has the right to use the right of withdrawal and unilaterally withdraw from the purchase made on the online store\u00a0www.amiconcept.eu\u00a0within 14\" \/>\n<meta property=\"og:url\" content=\"https:\/\/amiconcept.eu\/en\/return-of-goods\/\" \/>\n<meta property=\"og:site_name\" content=\"AMI Beauty Concept\" \/>\n<meta property=\"article:publisher\" content=\"https:\/\/www.facebook.com\/AMIbeautyconcept\/\" \/>\n<meta property=\"og:image\" content=\"https:\/\/amiconcept.eu\/wp-content\/uploads\/2024\/02\/AMI_concept_logo_black.webp\" \/>\n\t<meta property=\"og:image:width\" content=\"1100\" \/>\n\t<meta property=\"og:image:height\" content=\"550\" \/>\n\t<meta property=\"og:image:type\" content=\"image\/webp\" \/>\n<meta name=\"twitter:card\" content=\"summary_large_image\" \/>\n<meta name=\"twitter:label1\" content=\"Est. reading time\" \/>\n\t<meta name=\"twitter:data1\" content=\"1 minute\" \/>\n<script type=\"application\/ld+json\" class=\"yoast-schema-graph\">{\"@context\":\"https:\/\/schema.org\",\"@graph\":[{\"@type\":\"WebPage\",\"@id\":\"https:\/\/amiconcept.eu\/en\/return-of-goods\/\",\"url\":\"https:\/\/amiconcept.eu\/en\/return-of-goods\/\",\"name\":\"Return of goods - AMI Beauty Concept\",\"isPartOf\":{\"@id\":\"https:\/\/amiconcept.eu\/en\/#website\"},\"datePublished\":\"2024-02-28T08:04:36+00:00\",\"breadcrumb\":{\"@id\":\"https:\/\/amiconcept.eu\/en\/return-of-goods\/#breadcrumb\"},\"inLanguage\":\"en-US\",\"potentialAction\":[{\"@type\":\"ReadAction\",\"target\":[\"https:\/\/amiconcept.eu\/en\/return-of-goods\/\"]}]},{\"@type\":\"BreadcrumbList\",\"@id\":\"https:\/\/amiconcept.eu\/en\/return-of-goods\/#breadcrumb\",\"itemListElement\":[{\"@type\":\"ListItem\",\"position\":1,\"name\":\"Home\",\"item\":\"https:\/\/amiconcept.eu\/en\/\"},{\"@type\":\"ListItem\",\"position\":2,\"name\":\"Return of goods\"}]},{\"@type\":\"WebSite\",\"@id\":\"https:\/\/amiconcept.eu\/en\/#website\",\"url\":\"https:\/\/amiconcept.eu\/en\/\",\"name\":\"AMI Beauty Concept\",\"description\":\"\",\"publisher\":{\"@id\":\"https:\/\/amiconcept.eu\/en\/#organization\"},\"potentialAction\":[{\"@type\":\"SearchAction\",\"target\":{\"@type\":\"EntryPoint\",\"urlTemplate\":\"https:\/\/amiconcept.eu\/en\/?s={search_term_string}\"},\"query-input\":{\"@type\":\"PropertyValueSpecification\",\"valueRequired\":true,\"valueName\":\"search_term_string\"}}],\"inLanguage\":\"en-US\"},{\"@type\":\"Organization\",\"@id\":\"https:\/\/amiconcept.eu\/en\/#organization\",\"name\":\"AMI Beauty Concept\",\"url\":\"https:\/\/amiconcept.eu\/en\/\",\"logo\":{\"@type\":\"ImageObject\",\"inLanguage\":\"en-US\",\"@id\":\"https:\/\/amiconcept.eu\/en\/#\/schema\/logo\/image\/\",\"url\":\"https:\/\/amiconcept.eu\/wp-content\/uploads\/2024\/02\/AMI_favicon.webp\",\"contentUrl\":\"https:\/\/amiconcept.eu\/wp-content\/uploads\/2024\/02\/AMI_favicon.webp\",\"width\":512,\"height\":512,\"caption\":\"AMI Beauty Concept\"},\"image\":{\"@id\":\"https:\/\/amiconcept.eu\/en\/#\/schema\/logo\/image\/\"},\"sameAs\":[\"https:\/\/www.facebook.com\/AMIbeautyconcept\/\",\"https:\/\/www.instagram.com\/ami_beauty_concept\/\",\"https:\/\/www.tiktok.com\/@ami.beauty.concept\"]}]}<\/script>\n<!-- \/ Yoast SEO plugin. -->","yoast_head_json":{"title":"Return of goods - AMI Beauty Concept","robots":{"index":"index","follow":"follow","max-snippet":"max-snippet:-1","max-image-preview":"max-image-preview:large","max-video-preview":"max-video-preview:-1"},"canonical":"https:\/\/amiconcept.eu\/en\/return-of-goods\/","og_locale":"en_US","og_type":"article","og_title":"Return of goods - AMI Beauty Concept","og_description":"Return of Goods and Right of Withdrawal The buyer has the right to use the right of withdrawal and unilaterally withdraw from the purchase made on the online store\u00a0www.amiconcept.eu\u00a0within 14","og_url":"https:\/\/amiconcept.eu\/en\/return-of-goods\/","og_site_name":"AMI Beauty Concept","article_publisher":"https:\/\/www.facebook.com\/AMIbeautyconcept\/","og_image":[{"width":1100,"height":550,"url":"https:\/\/amiconcept.eu\/wp-content\/uploads\/2024\/02\/AMI_concept_logo_black.webp","type":"image\/webp"}],"twitter_card":"summary_large_image","twitter_misc":{"Est. reading time":"1 minute"},"schema":{"@context":"https:\/\/schema.org","@graph":[{"@type":"WebPage","@id":"https:\/\/amiconcept.eu\/en\/return-of-goods\/","url":"https:\/\/amiconcept.eu\/en\/return-of-goods\/","name":"Return of goods - AMI Beauty Concept","isPartOf":{"@id":"https:\/\/amiconcept.eu\/en\/#website"},"datePublished":"2024-02-28T08:04:36+00:00","breadcrumb":{"@id":"https:\/\/amiconcept.eu\/en\/return-of-goods\/#breadcrumb"},"inLanguage":"en-US","potentialAction":[{"@type":"ReadAction","target":["https:\/\/amiconcept.eu\/en\/return-of-goods\/"]}]},{"@type":"BreadcrumbList","@id":"https:\/\/amiconcept.eu\/en\/return-of-goods\/#breadcrumb","itemListElement":[{"@type":"ListItem","position":1,"name":"Home","item":"https:\/\/amiconcept.eu\/en\/"},{"@type":"ListItem","position":2,"name":"Return of goods"}]},{"@type":"WebSite","@id":"https:\/\/amiconcept.eu\/en\/#website","url":"https:\/\/amiconcept.eu\/en\/","name":"AMI Beauty Concept","description":"","publisher":{"@id":"https:\/\/amiconcept.eu\/en\/#organization"},"potentialAction":[{"@type":"SearchAction","target":{"@type":"EntryPoint","urlTemplate":"https:\/\/amiconcept.eu\/en\/?s={search_term_string}"},"query-input":{"@type":"PropertyValueSpecification","valueRequired":true,"valueName":"search_term_string"}}],"inLanguage":"en-US"},{"@type":"Organization","@id":"https:\/\/amiconcept.eu\/en\/#organization","name":"AMI Beauty Concept","url":"https:\/\/amiconcept.eu\/en\/","logo":{"@type":"ImageObject","inLanguage":"en-US","@id":"https:\/\/amiconcept.eu\/en\/#\/schema\/logo\/image\/","url":"https:\/\/amiconcept.eu\/wp-content\/uploads\/2024\/02\/AMI_favicon.webp","contentUrl":"https:\/\/amiconcept.eu\/wp-content\/uploads\/2024\/02\/AMI_favicon.webp","width":512,"height":512,"caption":"AMI Beauty Concept"},"image":{"@id":"https:\/\/amiconcept.eu\/en\/#\/schema\/logo\/image\/"},"sameAs":["https:\/\/www.facebook.com\/AMIbeautyconcept\/","https:\/\/www.instagram.com\/ami_beauty_concept\/","https:\/\/www.tiktok.com\/@ami.beauty.concept"]}]}},"_links":{"self":[{"href":"https:\/\/amiconcept.eu\/en\/wp-json\/wp\/v2\/pages\/13633","targetHints":{"allow":["GET"]}}],"collection":[{"href":"https:\/\/amiconcept.eu\/en\/wp-json\/wp\/v2\/pages"}],"about":[{"href":"https:\/\/amiconcept.eu\/en\/wp-json\/wp\/v2\/types\/page"}],"author":[{"embeddable":true,"href":"https:\/\/amiconcept.eu\/en\/wp-json\/wp\/v2\/users\/1"}],"replies":[{"embeddable":true,"href":"https:\/\/amiconcept.eu\/en\/wp-json\/wp\/v2\/comments?post=13633"}],"version-history":[{"count":0,"href":"https:\/\/amiconcept.eu\/en\/wp-json\/wp\/v2\/pages\/13633\/revisions"}],"wp:attachment":[{"href":"https:\/\/amiconcept.eu\/en\/wp-json\/wp\/v2\/media?parent=13633"}],"curies":[{"name":"wp","href":"https:\/\/api.w.org\/{rel}","templated":true}]}}