{"id":13651,"date":"2024-02-28T10:13:39","date_gmt":"2024-02-28T08:13:39","guid":{"rendered":"https:\/\/amiconcept.eu\/?page_id=13651"},"modified":"2024-02-28T09:52:33","modified_gmt":"2024-02-28T07:52:33","slug":"gdpr","status":"publish","type":"page","link":"https:\/\/amiconcept.eu\/en\/gdpr\/","title":{"rendered":"Gdpr"},"content":{"rendered":"\t\t<div data-elementor-type=\"wp-page\" data-elementor-id=\"13651\" class=\"elementor elementor-13651 elementor-13692\" data-elementor-post-type=\"page\">\n\t\t\t\t<div class=\"elementor-element elementor-element-4fc2854e e-flex e-con-boxed e-con e-parent\" data-id=\"4fc2854e\" data-element_type=\"container\" data-e-type=\"container\">\n\t\t\t\t\t<div class=\"e-con-inner\">\n\t\t\t\t<div class=\"elementor-element elementor-element-79c3448 elementor-widget elementor-widget-text-editor\" data-id=\"79c3448\" data-element_type=\"widget\" data-e-type=\"widget\" data-widget_type=\"text-editor.default\">\n\t\t\t\t<div class=\"elementor-widget-container\">\n\t\t\t\t\t\t\t\t\t<p>Privacy Policy for Individuals (Data Subjects):<\/p><p>Ami Hair, SIA (registered in the Latvian Business Register, registration number 40103873029, legal address: R\u012bga, J\u0101\u0146a Grestes iela 5 &#8211; 53, LV-1021) (hereinafter referred to as \u201cAmi Hair, SIA\u201d) is the Controller, responsible for complying with the requirements of the European Union General Data Protection Regulation No. 2016\/679 in Latvia. This Privacy Policy outlines how \u201cAmi Hair, SIA\u201d processes personal data when providing our services. This policy applies to all types of personal data processing collected by SIA \u201cAmi Hair, SIA\u201d from websites, email lists, contracts, and other sources.<\/p><p><strong>Purposes of Data Processing:<\/strong><\/p><p>The data is processed to manage mutual relationships related to the services provided by the COMPANY, issue and provide invoices, ensure service reservations and payments, as well as security measures reservations, to realize the COMPANY\u2019s legitimate interests, while respecting the fundamental rights and freedoms of the data subject. If the COMPANY wishes\/needs to process the DATA for other purposes, the prior consent of the data subject will be requested for such data processing.<\/p><p><strong>Access to Data and Storage:<\/strong><\/p><p>Data is recorded in service contracts. Data is entered into the COMPANY\u2019s accounting program and service administration programs. Data is protected against unauthorized access, and its use is monitored in accordance with legal requirements. Access to programs and thus to DATA is only granted to those COMPANY employees who need it for the performance of their duties and the proper provision of services. Access to programs is protected by secure passwords. DATA will not be sent outside the European Union\/European Economic Area (EU\/EEA), unless necessary for the technical protection of data.<\/p><p><strong>Disclosure of Data:<\/strong><\/p><p>The COMPANY has the right to disclose DATA to law enforcement agencies, tax authorities, and supervisory authorities based on a lawful and motivated request from the institution or official.<\/p><p><strong>Data Retention Period:<\/strong><\/p><p>DATA will be stored in accordance with the duration of the service contract. After the termination of the contract, DATA will still be stored for a period of time necessary to meet the requirements of regulatory enactments.<\/p><p><strong>Rights of the Data Subject:<\/strong><\/p><p>Individuals have the right to check the DATA related to them, provided to the COMPANY, request correction, deletion, or supplementation of incorrectly indicated data, and prohibit the use of their data for purposes not related to the provision of COMPANY services.<\/p>\t\t\t\t\t\t\t\t<\/div>\n\t\t\t\t<\/div>\n\t\t\t\t\t<\/div>\n\t\t\t\t<\/div>\n\t\t\t\t<\/div>\n\t\t","protected":false},"excerpt":{"rendered":"<p>Privacy Policy for Individuals (Data Subjects): Ami Hair, SIA (registered in the Latvian Business Register, registration number 40103873029, legal address: R\u012bga, J\u0101\u0146a Grestes iela 5 &#8211; 53, LV-1021) (hereinafter referred<\/p>\n","protected":false},"author":1,"featured_media":0,"parent":0,"menu_order":0,"comment_status":"closed","ping_status":"closed","template":"","meta":{"footnotes":""},"class_list":["post-13651","page","type-page","status-publish","hentry"],"yoast_head":"<!-- This site is optimized with the Yoast SEO plugin v26.8 - https:\/\/yoast.com\/product\/yoast-seo-wordpress\/ -->\n<title>GDPR - AMI Beauty Concept<\/title>\n<meta name=\"robots\" content=\"index, follow, max-snippet:-1, max-image-preview:large, max-video-preview:-1\" \/>\n<link rel=\"canonical\" href=\"https:\/\/amiconcept.eu\/en\/gdpr\/\" \/>\n<meta property=\"og:locale\" content=\"en_US\" \/>\n<meta property=\"og:type\" content=\"article\" \/>\n<meta property=\"og:title\" content=\"GDPR - AMI Beauty Concept\" \/>\n<meta property=\"og:description\" content=\"Privacy Policy for Individuals (Data Subjects): Ami Hair, SIA (registered in the Latvian Business Register, registration number 40103873029, legal address: R\u012bga, J\u0101\u0146a Grestes iela 5 &#8211; 53, LV-1021) (hereinafter referred\" \/>\n<meta property=\"og:url\" content=\"https:\/\/amiconcept.eu\/en\/gdpr\/\" \/>\n<meta property=\"og:site_name\" content=\"AMI Beauty Concept\" \/>\n<meta property=\"article:publisher\" content=\"https:\/\/www.facebook.com\/AMIbeautyconcept\/\" \/>\n<meta property=\"og:image\" content=\"https:\/\/amiconcept.eu\/wp-content\/uploads\/2024\/02\/AMI_concept_logo_black.webp\" \/>\n\t<meta property=\"og:image:width\" content=\"1100\" \/>\n\t<meta property=\"og:image:height\" content=\"550\" \/>\n\t<meta property=\"og:image:type\" content=\"image\/webp\" \/>\n<meta name=\"twitter:card\" content=\"summary_large_image\" \/>\n<meta name=\"twitter:label1\" content=\"Est. reading time\" \/>\n\t<meta name=\"twitter:data1\" content=\"2 minutes\" \/>\n<script type=\"application\/ld+json\" class=\"yoast-schema-graph\">{\"@context\":\"https:\/\/schema.org\",\"@graph\":[{\"@type\":\"WebPage\",\"@id\":\"https:\/\/amiconcept.eu\/en\/gdpr\/\",\"url\":\"https:\/\/amiconcept.eu\/en\/gdpr\/\",\"name\":\"GDPR - AMI Beauty Concept\",\"isPartOf\":{\"@id\":\"https:\/\/amiconcept.eu\/en\/#website\"},\"datePublished\":\"2024-02-28T08:13:39+00:00\",\"breadcrumb\":{\"@id\":\"https:\/\/amiconcept.eu\/en\/gdpr\/#breadcrumb\"},\"inLanguage\":\"en-US\",\"potentialAction\":[{\"@type\":\"ReadAction\",\"target\":[\"https:\/\/amiconcept.eu\/en\/gdpr\/\"]}]},{\"@type\":\"BreadcrumbList\",\"@id\":\"https:\/\/amiconcept.eu\/en\/gdpr\/#breadcrumb\",\"itemListElement\":[{\"@type\":\"ListItem\",\"position\":1,\"name\":\"Home\",\"item\":\"https:\/\/amiconcept.eu\/en\/\"},{\"@type\":\"ListItem\",\"position\":2,\"name\":\"GDPR\"}]},{\"@type\":\"WebSite\",\"@id\":\"https:\/\/amiconcept.eu\/en\/#website\",\"url\":\"https:\/\/amiconcept.eu\/en\/\",\"name\":\"AMI Beauty Concept\",\"description\":\"\",\"publisher\":{\"@id\":\"https:\/\/amiconcept.eu\/en\/#organization\"},\"potentialAction\":[{\"@type\":\"SearchAction\",\"target\":{\"@type\":\"EntryPoint\",\"urlTemplate\":\"https:\/\/amiconcept.eu\/en\/?s={search_term_string}\"},\"query-input\":{\"@type\":\"PropertyValueSpecification\",\"valueRequired\":true,\"valueName\":\"search_term_string\"}}],\"inLanguage\":\"en-US\"},{\"@type\":\"Organization\",\"@id\":\"https:\/\/amiconcept.eu\/en\/#organization\",\"name\":\"AMI Beauty Concept\",\"url\":\"https:\/\/amiconcept.eu\/en\/\",\"logo\":{\"@type\":\"ImageObject\",\"inLanguage\":\"en-US\",\"@id\":\"https:\/\/amiconcept.eu\/en\/#\/schema\/logo\/image\/\",\"url\":\"https:\/\/amiconcept.eu\/wp-content\/uploads\/2024\/02\/AMI_favicon.webp\",\"contentUrl\":\"https:\/\/amiconcept.eu\/wp-content\/uploads\/2024\/02\/AMI_favicon.webp\",\"width\":512,\"height\":512,\"caption\":\"AMI Beauty Concept\"},\"image\":{\"@id\":\"https:\/\/amiconcept.eu\/en\/#\/schema\/logo\/image\/\"},\"sameAs\":[\"https:\/\/www.facebook.com\/AMIbeautyconcept\/\",\"https:\/\/www.instagram.com\/ami_beauty_concept\/\",\"https:\/\/www.tiktok.com\/@ami.beauty.concept\"]}]}<\/script>\n<!-- \/ Yoast SEO plugin. -->","yoast_head_json":{"title":"GDPR - AMI Beauty Concept","robots":{"index":"index","follow":"follow","max-snippet":"max-snippet:-1","max-image-preview":"max-image-preview:large","max-video-preview":"max-video-preview:-1"},"canonical":"https:\/\/amiconcept.eu\/en\/gdpr\/","og_locale":"en_US","og_type":"article","og_title":"GDPR - AMI Beauty Concept","og_description":"Privacy Policy for Individuals (Data Subjects): Ami Hair, SIA (registered in the Latvian Business Register, registration number 40103873029, legal address: R\u012bga, J\u0101\u0146a Grestes iela 5 &#8211; 53, LV-1021) (hereinafter referred","og_url":"https:\/\/amiconcept.eu\/en\/gdpr\/","og_site_name":"AMI Beauty Concept","article_publisher":"https:\/\/www.facebook.com\/AMIbeautyconcept\/","og_image":[{"width":1100,"height":550,"url":"https:\/\/amiconcept.eu\/wp-content\/uploads\/2024\/02\/AMI_concept_logo_black.webp","type":"image\/webp"}],"twitter_card":"summary_large_image","twitter_misc":{"Est. reading time":"2 minutes"},"schema":{"@context":"https:\/\/schema.org","@graph":[{"@type":"WebPage","@id":"https:\/\/amiconcept.eu\/en\/gdpr\/","url":"https:\/\/amiconcept.eu\/en\/gdpr\/","name":"GDPR - AMI Beauty Concept","isPartOf":{"@id":"https:\/\/amiconcept.eu\/en\/#website"},"datePublished":"2024-02-28T08:13:39+00:00","breadcrumb":{"@id":"https:\/\/amiconcept.eu\/en\/gdpr\/#breadcrumb"},"inLanguage":"en-US","potentialAction":[{"@type":"ReadAction","target":["https:\/\/amiconcept.eu\/en\/gdpr\/"]}]},{"@type":"BreadcrumbList","@id":"https:\/\/amiconcept.eu\/en\/gdpr\/#breadcrumb","itemListElement":[{"@type":"ListItem","position":1,"name":"Home","item":"https:\/\/amiconcept.eu\/en\/"},{"@type":"ListItem","position":2,"name":"GDPR"}]},{"@type":"WebSite","@id":"https:\/\/amiconcept.eu\/en\/#website","url":"https:\/\/amiconcept.eu\/en\/","name":"AMI Beauty Concept","description":"","publisher":{"@id":"https:\/\/amiconcept.eu\/en\/#organization"},"potentialAction":[{"@type":"SearchAction","target":{"@type":"EntryPoint","urlTemplate":"https:\/\/amiconcept.eu\/en\/?s={search_term_string}"},"query-input":{"@type":"PropertyValueSpecification","valueRequired":true,"valueName":"search_term_string"}}],"inLanguage":"en-US"},{"@type":"Organization","@id":"https:\/\/amiconcept.eu\/en\/#organization","name":"AMI Beauty Concept","url":"https:\/\/amiconcept.eu\/en\/","logo":{"@type":"ImageObject","inLanguage":"en-US","@id":"https:\/\/amiconcept.eu\/en\/#\/schema\/logo\/image\/","url":"https:\/\/amiconcept.eu\/wp-content\/uploads\/2024\/02\/AMI_favicon.webp","contentUrl":"https:\/\/amiconcept.eu\/wp-content\/uploads\/2024\/02\/AMI_favicon.webp","width":512,"height":512,"caption":"AMI Beauty Concept"},"image":{"@id":"https:\/\/amiconcept.eu\/en\/#\/schema\/logo\/image\/"},"sameAs":["https:\/\/www.facebook.com\/AMIbeautyconcept\/","https:\/\/www.instagram.com\/ami_beauty_concept\/","https:\/\/www.tiktok.com\/@ami.beauty.concept"]}]}},"_links":{"self":[{"href":"https:\/\/amiconcept.eu\/en\/wp-json\/wp\/v2\/pages\/13651","targetHints":{"allow":["GET"]}}],"collection":[{"href":"https:\/\/amiconcept.eu\/en\/wp-json\/wp\/v2\/pages"}],"about":[{"href":"https:\/\/amiconcept.eu\/en\/wp-json\/wp\/v2\/types\/page"}],"author":[{"embeddable":true,"href":"https:\/\/amiconcept.eu\/en\/wp-json\/wp\/v2\/users\/1"}],"replies":[{"embeddable":true,"href":"https:\/\/amiconcept.eu\/en\/wp-json\/wp\/v2\/comments?post=13651"}],"version-history":[{"count":0,"href":"https:\/\/amiconcept.eu\/en\/wp-json\/wp\/v2\/pages\/13651\/revisions"}],"wp:attachment":[{"href":"https:\/\/amiconcept.eu\/en\/wp-json\/wp\/v2\/media?parent=13651"}],"curies":[{"name":"wp","href":"https:\/\/api.w.org\/{rel}","templated":true}]}}