{"id":18653,"date":"2024-03-05T13:54:47","date_gmt":"2024-03-05T11:54:47","guid":{"rendered":"https:\/\/amiconcept.eu\/product\/ds-medium-hold-hairspray\/"},"modified":"2026-03-26T13:52:16","modified_gmt":"2026-03-26T11:52:16","slug":"ds-medium-hold-hairspray","status":"publish","type":"product","link":"https:\/\/amiconcept.eu\/en\/product\/ds-medium-hold-hairspray\/","title":{"rendered":"Ds medium hold hairspray"},"content":{"rendered":"<p>Flexible support for fine hair. We recommend choosing hairspray according to your hair type and desired end result. Medium hold hairspray gives hair natural flexible hold and is easy to comb out. Adds a beautiful shine and moisture resistance. Suitable for soft, natural looks.<\/p>\n<p>Shake well before use. Spray evenly on hair from 25-30 cm distance.Pirms lieto\u0161anas labi sakratiet. Izsmidziniet vienm\u0113r\u012bgi uz matiem no 25-30 cm att\u0101luma.<\/p>\n<p>Alcohol Denat.,\u00a0Dimethyl Ether,\u00a0Acrylates Copolymer,\u00a0Octylacrylamide\/Acrylates\/Butylaminoethyl Methacrylate Copolymer,\u00a0Panthenol,\u00a0Aqua,\u00a0Aminomethyl Propanol,\u00a0PEG-12 Dimethicone,\u00a0Benzophenone-4,\u00a0Citric Acid.<\/p>\n","protected":false},"excerpt":{"rendered":"<p>Flexible hold hairspray<\/p>\n","protected":false},"featured_media":16114,"template":"","meta":[],"product_brand":[1148],"product_cat":[314,1393,1365],"product_tag":[],"class_list":{"0":"post-18653","1":"product","2":"type-product","3":"status-publish","4":"has-post-thumbnail","6":"product_brand-sim-sensitive","7":"product_cat-for-hair","8":"product_cat-hairspray","9":"product_cat-styling","10":"pa_size-300ml","12":"first","13":"instock","14":"taxable","15":"shipping-taxable","16":"purchasable","17":"product-type-simple"},"yoast_head":"<!-- This site is optimized with the Yoast SEO plugin v26.8 - https:\/\/yoast.com\/product\/yoast-seo-wordpress\/ -->\n<title>SIM Sensitive - DS Medium Hold Hairspray<\/title>\n<meta name=\"description\" content=\"Styling - Flexible hold hairspray\" \/>\n<meta name=\"robots\" content=\"index, follow, max-snippet:-1, max-image-preview:large, max-video-preview:-1\" \/>\n<link rel=\"canonical\" href=\"https:\/\/amiconcept.eu\/en\/product\/ds-medium-hold-hairspray\/\" \/>\n<meta property=\"og:locale\" content=\"en_US\" \/>\n<meta property=\"og:type\" content=\"article\" \/>\n<meta property=\"og:title\" content=\"SIM Sensitive - DS Medium Hold Hairspray\" \/>\n<meta property=\"og:description\" content=\"Styling - Flexible hold hairspray\" \/>\n<meta property=\"og:url\" content=\"https:\/\/amiconcept.eu\/en\/product\/ds-medium-hold-hairspray\/\" \/>\n<meta property=\"og:site_name\" content=\"AMI Beauty Concept\" \/>\n<meta property=\"article:publisher\" content=\"https:\/\/www.facebook.com\/AMIbeautyconcept\/\" \/>\n<meta property=\"article:modified_time\" content=\"2026-03-26T11:52:16+00:00\" \/>\n<meta property=\"og:image\" content=\"https:\/\/amiconcept.eu\/wp-content\/uploads\/2024\/02\/sim_10012.jpg\" \/>\n\t<meta property=\"og:image:width\" content=\"600\" \/>\n\t<meta property=\"og:image:height\" content=\"600\" \/>\n\t<meta property=\"og:image:type\" content=\"image\/jpeg\" \/>\n<meta name=\"twitter:card\" content=\"summary_large_image\" \/>\n<meta name=\"twitter:title\" content=\"SIM Sensitive - DS Medium Hold Hairspray\" \/>\n<script type=\"application\/ld+json\" class=\"yoast-schema-graph\">{\"@context\":\"https:\/\/schema.org\",\"@graph\":[{\"@type\":\"WebPage\",\"@id\":\"https:\/\/amiconcept.eu\/en\/product\/ds-medium-hold-hairspray\/\",\"url\":\"https:\/\/amiconcept.eu\/en\/product\/ds-medium-hold-hairspray\/\",\"name\":\"SIM Sensitive - DS Medium Hold Hairspray\",\"isPartOf\":{\"@id\":\"https:\/\/amiconcept.eu\/en\/#website\"},\"primaryImageOfPage\":{\"@id\":\"https:\/\/amiconcept.eu\/en\/product\/ds-medium-hold-hairspray\/#primaryimage\"},\"image\":{\"@id\":\"https:\/\/amiconcept.eu\/en\/product\/ds-medium-hold-hairspray\/#primaryimage\"},\"thumbnailUrl\":\"https:\/\/amiconcept.eu\/wp-content\/uploads\/2024\/02\/sim_10012.jpg\",\"datePublished\":\"2024-03-05T11:54:47+00:00\",\"dateModified\":\"2026-03-26T11:52:16+00:00\",\"description\":\"Styling - Flexible hold hairspray\",\"breadcrumb\":{\"@id\":\"https:\/\/amiconcept.eu\/en\/product\/ds-medium-hold-hairspray\/#breadcrumb\"},\"inLanguage\":\"en-US\",\"potentialAction\":[{\"@type\":\"ReadAction\",\"target\":[\"https:\/\/amiconcept.eu\/en\/product\/ds-medium-hold-hairspray\/\"]}]},{\"@type\":\"ImageObject\",\"inLanguage\":\"en-US\",\"@id\":\"https:\/\/amiconcept.eu\/en\/product\/ds-medium-hold-hairspray\/#primaryimage\",\"url\":\"https:\/\/amiconcept.eu\/wp-content\/uploads\/2024\/02\/sim_10012.jpg\",\"contentUrl\":\"https:\/\/amiconcept.eu\/wp-content\/uploads\/2024\/02\/sim_10012.jpg\",\"width\":600,\"height\":600},{\"@type\":\"BreadcrumbList\",\"@id\":\"https:\/\/amiconcept.eu\/en\/product\/ds-medium-hold-hairspray\/#breadcrumb\",\"itemListElement\":[{\"@type\":\"ListItem\",\"position\":1,\"name\":\"Home\",\"item\":\"https:\/\/amiconcept.eu\/en\/\"},{\"@type\":\"ListItem\",\"position\":2,\"name\":\"Shop\",\"item\":\"https:\/\/amiconcept.eu\/en\/shop\/\"},{\"@type\":\"ListItem\",\"position\":3,\"name\":\"DS Medium Hold Hairspray\"}]},{\"@type\":\"WebSite\",\"@id\":\"https:\/\/amiconcept.eu\/en\/#website\",\"url\":\"https:\/\/amiconcept.eu\/en\/\",\"name\":\"AMI Beauty Concept\",\"description\":\"\",\"publisher\":{\"@id\":\"https:\/\/amiconcept.eu\/en\/#organization\"},\"potentialAction\":[{\"@type\":\"SearchAction\",\"target\":{\"@type\":\"EntryPoint\",\"urlTemplate\":\"https:\/\/amiconcept.eu\/en\/?s={search_term_string}\"},\"query-input\":{\"@type\":\"PropertyValueSpecification\",\"valueRequired\":true,\"valueName\":\"search_term_string\"}}],\"inLanguage\":\"en-US\"},{\"@type\":\"Organization\",\"@id\":\"https:\/\/amiconcept.eu\/en\/#organization\",\"name\":\"AMI Beauty Concept\",\"url\":\"https:\/\/amiconcept.eu\/en\/\",\"logo\":{\"@type\":\"ImageObject\",\"inLanguage\":\"en-US\",\"@id\":\"https:\/\/amiconcept.eu\/en\/#\/schema\/logo\/image\/\",\"url\":\"https:\/\/amiconcept.eu\/wp-content\/uploads\/2024\/02\/AMI_favicon.webp\",\"contentUrl\":\"https:\/\/amiconcept.eu\/wp-content\/uploads\/2024\/02\/AMI_favicon.webp\",\"width\":512,\"height\":512,\"caption\":\"AMI Beauty Concept\"},\"image\":{\"@id\":\"https:\/\/amiconcept.eu\/en\/#\/schema\/logo\/image\/\"},\"sameAs\":[\"https:\/\/www.facebook.com\/AMIbeautyconcept\/\",\"https:\/\/www.instagram.com\/ami_beauty_concept\/\",\"https:\/\/www.tiktok.com\/@ami.beauty.concept\"]}]}<\/script>\n<!-- \/ Yoast SEO plugin. -->","yoast_head_json":{"title":"SIM Sensitive - DS Medium Hold Hairspray","description":"Styling - Flexible hold hairspray","robots":{"index":"index","follow":"follow","max-snippet":"max-snippet:-1","max-image-preview":"max-image-preview:large","max-video-preview":"max-video-preview:-1"},"canonical":"https:\/\/amiconcept.eu\/en\/product\/ds-medium-hold-hairspray\/","og_locale":"en_US","og_type":"article","og_title":"SIM Sensitive - DS Medium Hold Hairspray","og_description":"Styling - Flexible hold hairspray","og_url":"https:\/\/amiconcept.eu\/en\/product\/ds-medium-hold-hairspray\/","og_site_name":"AMI Beauty Concept","article_publisher":"https:\/\/www.facebook.com\/AMIbeautyconcept\/","article_modified_time":"2026-03-26T11:52:16+00:00","og_image":[{"width":600,"height":600,"url":"https:\/\/amiconcept.eu\/wp-content\/uploads\/2024\/02\/sim_10012.jpg","type":"image\/jpeg"}],"twitter_card":"summary_large_image","twitter_title":"SIM Sensitive - DS Medium Hold Hairspray","schema":{"@context":"https:\/\/schema.org","@graph":[{"@type":"WebPage","@id":"https:\/\/amiconcept.eu\/en\/product\/ds-medium-hold-hairspray\/","url":"https:\/\/amiconcept.eu\/en\/product\/ds-medium-hold-hairspray\/","name":"SIM Sensitive - DS Medium Hold Hairspray","isPartOf":{"@id":"https:\/\/amiconcept.eu\/en\/#website"},"primaryImageOfPage":{"@id":"https:\/\/amiconcept.eu\/en\/product\/ds-medium-hold-hairspray\/#primaryimage"},"image":{"@id":"https:\/\/amiconcept.eu\/en\/product\/ds-medium-hold-hairspray\/#primaryimage"},"thumbnailUrl":"https:\/\/amiconcept.eu\/wp-content\/uploads\/2024\/02\/sim_10012.jpg","datePublished":"2024-03-05T11:54:47+00:00","dateModified":"2026-03-26T11:52:16+00:00","description":"Styling - Flexible hold hairspray","breadcrumb":{"@id":"https:\/\/amiconcept.eu\/en\/product\/ds-medium-hold-hairspray\/#breadcrumb"},"inLanguage":"en-US","potentialAction":[{"@type":"ReadAction","target":["https:\/\/amiconcept.eu\/en\/product\/ds-medium-hold-hairspray\/"]}]},{"@type":"ImageObject","inLanguage":"en-US","@id":"https:\/\/amiconcept.eu\/en\/product\/ds-medium-hold-hairspray\/#primaryimage","url":"https:\/\/amiconcept.eu\/wp-content\/uploads\/2024\/02\/sim_10012.jpg","contentUrl":"https:\/\/amiconcept.eu\/wp-content\/uploads\/2024\/02\/sim_10012.jpg","width":600,"height":600},{"@type":"BreadcrumbList","@id":"https:\/\/amiconcept.eu\/en\/product\/ds-medium-hold-hairspray\/#breadcrumb","itemListElement":[{"@type":"ListItem","position":1,"name":"Home","item":"https:\/\/amiconcept.eu\/en\/"},{"@type":"ListItem","position":2,"name":"Shop","item":"https:\/\/amiconcept.eu\/en\/shop\/"},{"@type":"ListItem","position":3,"name":"DS Medium Hold Hairspray"}]},{"@type":"WebSite","@id":"https:\/\/amiconcept.eu\/en\/#website","url":"https:\/\/amiconcept.eu\/en\/","name":"AMI Beauty Concept","description":"","publisher":{"@id":"https:\/\/amiconcept.eu\/en\/#organization"},"potentialAction":[{"@type":"SearchAction","target":{"@type":"EntryPoint","urlTemplate":"https:\/\/amiconcept.eu\/en\/?s={search_term_string}"},"query-input":{"@type":"PropertyValueSpecification","valueRequired":true,"valueName":"search_term_string"}}],"inLanguage":"en-US"},{"@type":"Organization","@id":"https:\/\/amiconcept.eu\/en\/#organization","name":"AMI Beauty Concept","url":"https:\/\/amiconcept.eu\/en\/","logo":{"@type":"ImageObject","inLanguage":"en-US","@id":"https:\/\/amiconcept.eu\/en\/#\/schema\/logo\/image\/","url":"https:\/\/amiconcept.eu\/wp-content\/uploads\/2024\/02\/AMI_favicon.webp","contentUrl":"https:\/\/amiconcept.eu\/wp-content\/uploads\/2024\/02\/AMI_favicon.webp","width":512,"height":512,"caption":"AMI Beauty Concept"},"image":{"@id":"https:\/\/amiconcept.eu\/en\/#\/schema\/logo\/image\/"},"sameAs":["https:\/\/www.facebook.com\/AMIbeautyconcept\/","https:\/\/www.instagram.com\/ami_beauty_concept\/","https:\/\/www.tiktok.com\/@ami.beauty.concept"]}]}},"_links":{"self":[{"href":"https:\/\/amiconcept.eu\/en\/wp-json\/wp\/v2\/product\/18653","targetHints":{"allow":["GET"]}}],"collection":[{"href":"https:\/\/amiconcept.eu\/en\/wp-json\/wp\/v2\/product"}],"about":[{"href":"https:\/\/amiconcept.eu\/en\/wp-json\/wp\/v2\/types\/product"}],"version-history":[{"count":0,"href":"https:\/\/amiconcept.eu\/en\/wp-json\/wp\/v2\/product\/18653\/revisions"}],"wp:featuredmedia":[{"embeddable":true,"href":"https:\/\/amiconcept.eu\/en\/wp-json\/wp\/v2\/media\/16114"}],"wp:attachment":[{"href":"https:\/\/amiconcept.eu\/en\/wp-json\/wp\/v2\/media?parent=18653"}],"wp:term":[{"taxonomy":"product_brand","embeddable":true,"href":"https:\/\/amiconcept.eu\/en\/wp-json\/wp\/v2\/product_brand?post=18653"},{"taxonomy":"product_cat","embeddable":true,"href":"https:\/\/amiconcept.eu\/en\/wp-json\/wp\/v2\/product_cat?post=18653"},{"taxonomy":"product_tag","embeddable":true,"href":"https:\/\/amiconcept.eu\/en\/wp-json\/wp\/v2\/product_tag?post=18653"}],"curies":[{"name":"wp","href":"https:\/\/api.w.org\/{rel}","templated":true}]}}