{"id":25263,"date":"2025-02-25T17:11:54","date_gmt":"2025-02-25T15:11:54","guid":{"rendered":"https:\/\/amiconcept.eu\/product\/la-sultane-de-saba-black-soap-with-eucalyptus-essential-oil-2\/"},"modified":"2026-04-10T11:18:27","modified_gmt":"2026-04-10T08:18:27","slug":"la-sultane-de-saba-black-soap-with-eucalyptus-essential-oil-2","status":"publish","type":"product","link":"https:\/\/amiconcept.eu\/en\/product\/la-sultane-de-saba-black-soap-with-eucalyptus-essential-oil-2\/","title":{"rendered":"La sultane de saba  &#8211; black soap with eucalyptus essential oil"},"content":{"rendered":"<p><strong>Sast\u0101vs:<\/strong> AQUA (WATER), OLEA EUROPAEA (OLIVE) HUSK OIL, EUCALYPTUS GLOBULUS LEAF OIL, POTASSIUM HYDROXIDE, LIMONENE<\/p>\n<p><strong>K\u0101 lietot:<\/strong> Ar rok\u0101m uzkl\u0101jiet meln\u0101s ziepes uz tvaic\u0113tas \u0101das, nedaudz pagaidiet (apm\u0113ram 4 min\u016btes) un turpiniet gommage ar kessa cimdu. R\u016bp\u012bgi noskalojiet. Sejas kop\u0161anai viegli mitriniet \u0101du un ap\u013cveida kust\u012bb\u0101m uzkl\u0101jiet nedaudz melno ziepju, p\u0113c tam noskalojiet ar siltu \u016bdeni. taukainai \u0101dai var lietot katru dienu, mazg\u0101jot seju.<\/p>\n<p data-start=\"195\" data-end=\"742\">Tradicion\u0101las marok\u0101\u0146u <strong data-start=\"261\" data-end=\"283\">melno ziepju pasta<\/strong> ar <strong data-start=\"287\" data-end=\"321\">arg\u0101na e\u013c\u013cu un eikalipta not\u012bm<\/strong>, kas paredz\u0113ta \u0101das dzi\u013cai att\u012br\u012b\u0161anai, m\u012bkstin\u0101\u0161anai un atjauno\u0161anai. Melno ziepju formula izgatavota no ferment\u0113t\u0101m meln\u0101m ol\u012bv\u0101m un arg\u0101na e\u013c\u013cas \u2013 t\u0101s ir paz\u012bstamas ar augstu <strong data-start=\"500\" data-end=\"521\">E vitam\u012bna saturu<\/strong>, kas pal\u012bdz <strong data-start=\"534\" data-end=\"579\">mitrin\u0101t, barot un saglab\u0101t \u0101das elast\u012bbu<\/strong>. Kad \u016bdens pievienots, ziepes p\u0101rv\u0113r\u0161as biez\u0101, kr\u0113mveid\u012bg\u0101 tekst\u016br\u0101, kas maigi att\u012bra \u0101du, nezaud\u0113jot t\u0101s dabisko l\u012bdzsvaru.\u00a0Produktu bie\u017ei izmanto tradicion\u0101laj\u0101 <strong data-start=\"782\" data-end=\"811\">hamam (t\u012br\u012b\u0161an\u0101s ritu\u0101l\u0101)<\/strong>, kop\u0101 ar Kessa cimdu, lai <strong data-start=\"838\" data-end=\"873\">eksfoli\u0113tu atmiru\u0161\u0101s \u0101das \u0161\u016bnas<\/strong> un uzlabotu \u0101das gludumu. Tas ir piem\u0113rots <strong data-start=\"917\" data-end=\"939\">visiem \u0101das tipiem<\/strong>, ieskaitot jut\u012bgu, un \u012bpa\u0161i labi noder k\u0101 <strong data-start=\"982\" data-end=\"1053\">\u012bpa\u0161s \u0101das kop\u0161anas solis pirms \u0137erme\u0146a e\u013c\u013cu vai losjonu uzkl\u0101\u0161anas<\/strong>.<\/p>\n","protected":false},"excerpt":{"rendered":"<p data-start=\"195\" data-end=\"742\">Tradicion\u0101las marok\u0101\u0146u <strong data-start=\"261\" data-end=\"283\">melno ziepju pasta<\/strong> ar <strong data-start=\"287\" data-end=\"321\">arg\u0101na e\u013c\u013cu un eikalipta not\u012bm<\/strong>, kas paredz\u0113ta \u0101das dzi\u013cai att\u012br\u012b\u0161anai, m\u012bkstin\u0101\u0161anai un atjauno\u0161anai. Melno ziepju formula izgatavota no ferment\u0113t\u0101m meln\u0101m ol\u012bv\u0101m un arg\u0101na e\u013c\u013cas \u2013 t\u0101s ir paz\u012bstamas ar augstu <strong data-start=\"500\" data-end=\"521\">E vitam\u012bna saturu<\/strong>, kas pal\u012bdz <strong data-start=\"534\" data-end=\"579\">mitrin\u0101t, barot un saglab\u0101t \u0101das elast\u012bbu<\/strong>. Kad \u016bdens pievienots, ziepes p\u0101rv\u0113r\u0161as biez\u0101, kr\u0113mveid\u012bg\u0101 tekst\u016br\u0101, kas maigi att\u012bra \u0101du, nezaud\u0113jot t\u0101s dabisko l\u012bdzsvaru. Produktu bie\u017ei izmanto tradicion\u0101laj\u0101 <strong data-start=\"782\" data-end=\"811\">hamam (t\u012br\u012b\u0161an\u0101s ritu\u0101l\u0101)<\/strong>, kop\u0101 ar Kessa cimdu, lai <strong data-start=\"838\" data-end=\"873\">eksfoli\u0113tu atmiru\u0161\u0101s \u0101das \u0161\u016bnas<\/strong> un uzlabotu \u0101das gludumu. Tas ir piem\u0113rots <strong data-start=\"917\" data-end=\"939\">visiem \u0101das tipiem<\/strong>, ieskaitot jut\u012bgu, un \u012bpa\u0161i labi noder k\u0101 <strong data-start=\"982\" data-end=\"1053\">\u012bpa\u0161s \u0101das kop\u0161anas solis pirms \u0137erme\u0146a e\u013c\u013cu vai losjonu uzkl\u0101\u0161anas<\/strong>.<\/p>\n","protected":false},"featured_media":24742,"template":"","meta":[],"product_brand":[1233],"product_cat":[669,2223],"product_tag":[],"class_list":{"0":"post-25263","1":"product","2":"type-product","3":"status-publish","4":"has-post-thumbnail","6":"product_brand-la-sultane-de-saba","7":"product_cat-for-body","8":"product_cat-ziepes","9":"pa_serija-hammam-treatment-en","10":"pa_tilpums-300-ml-en","12":"first","13":"instock","14":"taxable","15":"shipping-taxable","16":"purchasable","17":"product-type-simple"},"yoast_head":"<!-- This site is optimized with the Yoast SEO plugin v26.8 - https:\/\/yoast.com\/product\/yoast-seo-wordpress\/ -->\n<title>La Sultane de Saba - Black Soap With Eucalyptus Essential Oil<\/title>\n<meta name=\"description\" content=\"\u0160\u012b bag\u0101t\u012bg\u0101, dab\u012bg\u0101, kr\u0113m\u012bg\u0101 pasta ir gatavota no ol\u012bv\u0101m. Kop\u0161 neatminamiem laikiem to izmanto mitrino\u0161o un p\u012blinga \u012bpa\u0161\u012bbu d\u0113\u013c.Meln\u0101s ziepes ar eikaliptu ir piem\u0113rotas visiem citiem \u0101das tipiem.\" \/>\n<meta name=\"robots\" content=\"index, follow, max-snippet:-1, max-image-preview:large, max-video-preview:-1\" \/>\n<link rel=\"canonical\" href=\"https:\/\/amiconcept.eu\/en\/product\/la-sultane-de-saba-black-soap-with-eucalyptus-essential-oil-2\/\" \/>\n<meta property=\"og:locale\" content=\"en_US\" \/>\n<meta property=\"og:type\" content=\"article\" \/>\n<meta property=\"og:title\" content=\"La Sultane de Saba - Black Soap With Eucalyptus Essential Oil\" \/>\n<meta property=\"og:description\" content=\"\u0160\u012b bag\u0101t\u012bg\u0101, dab\u012bg\u0101, kr\u0113m\u012bg\u0101 pasta ir gatavota no ol\u012bv\u0101m. Kop\u0161 neatminamiem laikiem to izmanto mitrino\u0161o un p\u012blinga \u012bpa\u0161\u012bbu d\u0113\u013c.Meln\u0101s ziepes ar eikaliptu ir piem\u0113rotas visiem citiem \u0101das tipiem.\" \/>\n<meta property=\"og:url\" content=\"https:\/\/amiconcept.eu\/en\/product\/la-sultane-de-saba-black-soap-with-eucalyptus-essential-oil-2\/\" \/>\n<meta property=\"og:site_name\" content=\"AMI Beauty Concept\" \/>\n<meta property=\"article:publisher\" content=\"https:\/\/www.facebook.com\/AMIbeautyconcept\/\" \/>\n<meta property=\"article:modified_time\" content=\"2026-04-10T08:18:27+00:00\" \/>\n<meta property=\"og:image\" content=\"https:\/\/amiconcept.eu\/wp-content\/uploads\/2025\/02\/black-soap-malenjkoe.jpg\" \/>\n\t<meta property=\"og:image:width\" content=\"1600\" \/>\n\t<meta property=\"og:image:height\" content=\"2140\" \/>\n\t<meta property=\"og:image:type\" content=\"image\/jpeg\" \/>\n<meta name=\"twitter:card\" content=\"summary_large_image\" \/>\n<meta name=\"twitter:title\" content=\"La Sultane de Saba - Black Soap With Eucalyptus Essential Oil\" \/>\n<meta name=\"twitter:label1\" content=\"Est. reading time\" \/>\n\t<meta name=\"twitter:data1\" content=\"1 minute\" \/>\n<script type=\"application\/ld+json\" class=\"yoast-schema-graph\">{\"@context\":\"https:\/\/schema.org\",\"@graph\":[{\"@type\":\"WebPage\",\"@id\":\"https:\/\/amiconcept.eu\/en\/product\/la-sultane-de-saba-black-soap-with-eucalyptus-essential-oil-2\/\",\"url\":\"https:\/\/amiconcept.eu\/en\/product\/la-sultane-de-saba-black-soap-with-eucalyptus-essential-oil-2\/\",\"name\":\"La Sultane de Saba - Black Soap With Eucalyptus Essential Oil\",\"isPartOf\":{\"@id\":\"https:\/\/amiconcept.eu\/en\/#website\"},\"primaryImageOfPage\":{\"@id\":\"https:\/\/amiconcept.eu\/en\/product\/la-sultane-de-saba-black-soap-with-eucalyptus-essential-oil-2\/#primaryimage\"},\"image\":{\"@id\":\"https:\/\/amiconcept.eu\/en\/product\/la-sultane-de-saba-black-soap-with-eucalyptus-essential-oil-2\/#primaryimage\"},\"thumbnailUrl\":\"https:\/\/amiconcept.eu\/wp-content\/uploads\/2025\/02\/black-soap-malenjkoe.jpg\",\"datePublished\":\"2025-02-25T15:11:54+00:00\",\"dateModified\":\"2026-04-10T08:18:27+00:00\",\"description\":\"\u0160\u012b bag\u0101t\u012bg\u0101, dab\u012bg\u0101, kr\u0113m\u012bg\u0101 pasta ir gatavota no ol\u012bv\u0101m. Kop\u0161 neatminamiem laikiem to izmanto mitrino\u0161o un p\u012blinga \u012bpa\u0161\u012bbu d\u0113\u013c.Meln\u0101s ziepes ar eikaliptu ir piem\u0113rotas visiem citiem \u0101das tipiem.\",\"breadcrumb\":{\"@id\":\"https:\/\/amiconcept.eu\/en\/product\/la-sultane-de-saba-black-soap-with-eucalyptus-essential-oil-2\/#breadcrumb\"},\"inLanguage\":\"en-US\",\"potentialAction\":[{\"@type\":\"ReadAction\",\"target\":[\"https:\/\/amiconcept.eu\/en\/product\/la-sultane-de-saba-black-soap-with-eucalyptus-essential-oil-2\/\"]}]},{\"@type\":\"ImageObject\",\"inLanguage\":\"en-US\",\"@id\":\"https:\/\/amiconcept.eu\/en\/product\/la-sultane-de-saba-black-soap-with-eucalyptus-essential-oil-2\/#primaryimage\",\"url\":\"https:\/\/amiconcept.eu\/wp-content\/uploads\/2025\/02\/black-soap-malenjkoe.jpg\",\"contentUrl\":\"https:\/\/amiconcept.eu\/wp-content\/uploads\/2025\/02\/black-soap-malenjkoe.jpg\",\"width\":1600,\"height\":2140,\"caption\":\"La Sultane de Saba - Black Soap With Eucalyptus Essential Oil\"},{\"@type\":\"BreadcrumbList\",\"@id\":\"https:\/\/amiconcept.eu\/en\/product\/la-sultane-de-saba-black-soap-with-eucalyptus-essential-oil-2\/#breadcrumb\",\"itemListElement\":[{\"@type\":\"ListItem\",\"position\":1,\"name\":\"Home\",\"item\":\"https:\/\/amiconcept.eu\/en\/\"},{\"@type\":\"ListItem\",\"position\":2,\"name\":\"Shop\",\"item\":\"https:\/\/amiconcept.eu\/en\/shop\/\"},{\"@type\":\"ListItem\",\"position\":3,\"name\":\"La sultane de saba &#8211; black soap with eucalyptus essential oil\"}]},{\"@type\":\"WebSite\",\"@id\":\"https:\/\/amiconcept.eu\/en\/#website\",\"url\":\"https:\/\/amiconcept.eu\/en\/\",\"name\":\"AMI Beauty Concept\",\"description\":\"\",\"publisher\":{\"@id\":\"https:\/\/amiconcept.eu\/en\/#organization\"},\"potentialAction\":[{\"@type\":\"SearchAction\",\"target\":{\"@type\":\"EntryPoint\",\"urlTemplate\":\"https:\/\/amiconcept.eu\/en\/?s={search_term_string}\"},\"query-input\":{\"@type\":\"PropertyValueSpecification\",\"valueRequired\":true,\"valueName\":\"search_term_string\"}}],\"inLanguage\":\"en-US\"},{\"@type\":\"Organization\",\"@id\":\"https:\/\/amiconcept.eu\/en\/#organization\",\"name\":\"AMI Beauty Concept\",\"url\":\"https:\/\/amiconcept.eu\/en\/\",\"logo\":{\"@type\":\"ImageObject\",\"inLanguage\":\"en-US\",\"@id\":\"https:\/\/amiconcept.eu\/en\/#\/schema\/logo\/image\/\",\"url\":\"https:\/\/amiconcept.eu\/wp-content\/uploads\/2024\/02\/AMI_favicon.webp\",\"contentUrl\":\"https:\/\/amiconcept.eu\/wp-content\/uploads\/2024\/02\/AMI_favicon.webp\",\"width\":512,\"height\":512,\"caption\":\"AMI Beauty Concept\"},\"image\":{\"@id\":\"https:\/\/amiconcept.eu\/en\/#\/schema\/logo\/image\/\"},\"sameAs\":[\"https:\/\/www.facebook.com\/AMIbeautyconcept\/\",\"https:\/\/www.instagram.com\/ami_beauty_concept\/\",\"https:\/\/www.tiktok.com\/@ami.beauty.concept\"]}]}<\/script>\n<!-- \/ Yoast SEO plugin. -->","yoast_head_json":{"title":"La Sultane de Saba - Black Soap With Eucalyptus Essential Oil","description":"\u0160\u012b bag\u0101t\u012bg\u0101, dab\u012bg\u0101, kr\u0113m\u012bg\u0101 pasta ir gatavota no ol\u012bv\u0101m. Kop\u0161 neatminamiem laikiem to izmanto mitrino\u0161o un p\u012blinga \u012bpa\u0161\u012bbu d\u0113\u013c.Meln\u0101s ziepes ar eikaliptu ir piem\u0113rotas visiem citiem \u0101das tipiem.","robots":{"index":"index","follow":"follow","max-snippet":"max-snippet:-1","max-image-preview":"max-image-preview:large","max-video-preview":"max-video-preview:-1"},"canonical":"https:\/\/amiconcept.eu\/en\/product\/la-sultane-de-saba-black-soap-with-eucalyptus-essential-oil-2\/","og_locale":"en_US","og_type":"article","og_title":"La Sultane de Saba - Black Soap With Eucalyptus Essential Oil","og_description":"\u0160\u012b bag\u0101t\u012bg\u0101, dab\u012bg\u0101, kr\u0113m\u012bg\u0101 pasta ir gatavota no ol\u012bv\u0101m. Kop\u0161 neatminamiem laikiem to izmanto mitrino\u0161o un p\u012blinga \u012bpa\u0161\u012bbu d\u0113\u013c.Meln\u0101s ziepes ar eikaliptu ir piem\u0113rotas visiem citiem \u0101das tipiem.","og_url":"https:\/\/amiconcept.eu\/en\/product\/la-sultane-de-saba-black-soap-with-eucalyptus-essential-oil-2\/","og_site_name":"AMI Beauty Concept","article_publisher":"https:\/\/www.facebook.com\/AMIbeautyconcept\/","article_modified_time":"2026-04-10T08:18:27+00:00","og_image":[{"width":1600,"height":2140,"url":"https:\/\/amiconcept.eu\/wp-content\/uploads\/2025\/02\/black-soap-malenjkoe.jpg","type":"image\/jpeg"}],"twitter_card":"summary_large_image","twitter_title":"La Sultane de Saba - Black Soap With Eucalyptus Essential Oil","twitter_misc":{"Est. reading time":"1 minute"},"schema":{"@context":"https:\/\/schema.org","@graph":[{"@type":"WebPage","@id":"https:\/\/amiconcept.eu\/en\/product\/la-sultane-de-saba-black-soap-with-eucalyptus-essential-oil-2\/","url":"https:\/\/amiconcept.eu\/en\/product\/la-sultane-de-saba-black-soap-with-eucalyptus-essential-oil-2\/","name":"La Sultane de Saba - Black Soap With Eucalyptus Essential Oil","isPartOf":{"@id":"https:\/\/amiconcept.eu\/en\/#website"},"primaryImageOfPage":{"@id":"https:\/\/amiconcept.eu\/en\/product\/la-sultane-de-saba-black-soap-with-eucalyptus-essential-oil-2\/#primaryimage"},"image":{"@id":"https:\/\/amiconcept.eu\/en\/product\/la-sultane-de-saba-black-soap-with-eucalyptus-essential-oil-2\/#primaryimage"},"thumbnailUrl":"https:\/\/amiconcept.eu\/wp-content\/uploads\/2025\/02\/black-soap-malenjkoe.jpg","datePublished":"2025-02-25T15:11:54+00:00","dateModified":"2026-04-10T08:18:27+00:00","description":"\u0160\u012b bag\u0101t\u012bg\u0101, dab\u012bg\u0101, kr\u0113m\u012bg\u0101 pasta ir gatavota no ol\u012bv\u0101m. Kop\u0161 neatminamiem laikiem to izmanto mitrino\u0161o un p\u012blinga \u012bpa\u0161\u012bbu d\u0113\u013c.Meln\u0101s ziepes ar eikaliptu ir piem\u0113rotas visiem citiem \u0101das tipiem.","breadcrumb":{"@id":"https:\/\/amiconcept.eu\/en\/product\/la-sultane-de-saba-black-soap-with-eucalyptus-essential-oil-2\/#breadcrumb"},"inLanguage":"en-US","potentialAction":[{"@type":"ReadAction","target":["https:\/\/amiconcept.eu\/en\/product\/la-sultane-de-saba-black-soap-with-eucalyptus-essential-oil-2\/"]}]},{"@type":"ImageObject","inLanguage":"en-US","@id":"https:\/\/amiconcept.eu\/en\/product\/la-sultane-de-saba-black-soap-with-eucalyptus-essential-oil-2\/#primaryimage","url":"https:\/\/amiconcept.eu\/wp-content\/uploads\/2025\/02\/black-soap-malenjkoe.jpg","contentUrl":"https:\/\/amiconcept.eu\/wp-content\/uploads\/2025\/02\/black-soap-malenjkoe.jpg","width":1600,"height":2140,"caption":"La Sultane de Saba - Black Soap With Eucalyptus Essential Oil"},{"@type":"BreadcrumbList","@id":"https:\/\/amiconcept.eu\/en\/product\/la-sultane-de-saba-black-soap-with-eucalyptus-essential-oil-2\/#breadcrumb","itemListElement":[{"@type":"ListItem","position":1,"name":"Home","item":"https:\/\/amiconcept.eu\/en\/"},{"@type":"ListItem","position":2,"name":"Shop","item":"https:\/\/amiconcept.eu\/en\/shop\/"},{"@type":"ListItem","position":3,"name":"La sultane de saba &#8211; black soap with eucalyptus essential oil"}]},{"@type":"WebSite","@id":"https:\/\/amiconcept.eu\/en\/#website","url":"https:\/\/amiconcept.eu\/en\/","name":"AMI Beauty Concept","description":"","publisher":{"@id":"https:\/\/amiconcept.eu\/en\/#organization"},"potentialAction":[{"@type":"SearchAction","target":{"@type":"EntryPoint","urlTemplate":"https:\/\/amiconcept.eu\/en\/?s={search_term_string}"},"query-input":{"@type":"PropertyValueSpecification","valueRequired":true,"valueName":"search_term_string"}}],"inLanguage":"en-US"},{"@type":"Organization","@id":"https:\/\/amiconcept.eu\/en\/#organization","name":"AMI Beauty Concept","url":"https:\/\/amiconcept.eu\/en\/","logo":{"@type":"ImageObject","inLanguage":"en-US","@id":"https:\/\/amiconcept.eu\/en\/#\/schema\/logo\/image\/","url":"https:\/\/amiconcept.eu\/wp-content\/uploads\/2024\/02\/AMI_favicon.webp","contentUrl":"https:\/\/amiconcept.eu\/wp-content\/uploads\/2024\/02\/AMI_favicon.webp","width":512,"height":512,"caption":"AMI Beauty Concept"},"image":{"@id":"https:\/\/amiconcept.eu\/en\/#\/schema\/logo\/image\/"},"sameAs":["https:\/\/www.facebook.com\/AMIbeautyconcept\/","https:\/\/www.instagram.com\/ami_beauty_concept\/","https:\/\/www.tiktok.com\/@ami.beauty.concept"]}]}},"_links":{"self":[{"href":"https:\/\/amiconcept.eu\/en\/wp-json\/wp\/v2\/product\/25263","targetHints":{"allow":["GET"]}}],"collection":[{"href":"https:\/\/amiconcept.eu\/en\/wp-json\/wp\/v2\/product"}],"about":[{"href":"https:\/\/amiconcept.eu\/en\/wp-json\/wp\/v2\/types\/product"}],"version-history":[{"count":1,"href":"https:\/\/amiconcept.eu\/en\/wp-json\/wp\/v2\/product\/25263\/revisions"}],"predecessor-version":[{"id":26921,"href":"https:\/\/amiconcept.eu\/en\/wp-json\/wp\/v2\/product\/25263\/revisions\/26921"}],"wp:featuredmedia":[{"embeddable":true,"href":"https:\/\/amiconcept.eu\/en\/wp-json\/wp\/v2\/media\/24742"}],"wp:attachment":[{"href":"https:\/\/amiconcept.eu\/en\/wp-json\/wp\/v2\/media?parent=25263"}],"wp:term":[{"taxonomy":"product_brand","embeddable":true,"href":"https:\/\/amiconcept.eu\/en\/wp-json\/wp\/v2\/product_brand?post=25263"},{"taxonomy":"product_cat","embeddable":true,"href":"https:\/\/amiconcept.eu\/en\/wp-json\/wp\/v2\/product_cat?post=25263"},{"taxonomy":"product_tag","embeddable":true,"href":"https:\/\/amiconcept.eu\/en\/wp-json\/wp\/v2\/product_tag?post=25263"}],"curies":[{"name":"wp","href":"https:\/\/api.w.org\/{rel}","templated":true}]}}